{"id":634,"date":"2016-08-03T14:11:05","date_gmt":"2016-08-03T12:11:05","guid":{"rendered":"http:\/\/www.schreinerei-niklas-pest.de\/wp16\/?page_id=36"},"modified":"2017-07-05T09:19:22","modified_gmt":"2017-07-05T07:19:22","slug":"home","status":"publish","type":"page","link":"https:\/\/internet-berater-handwerk.de\/handwerk2\/","title":{"rendered":"HOME"},"content":{"rendered":"<p>[et_pb_section bb_built=&#8220;1&#8243; fullwidth=&#8220;on&#8220;][et_pb_fullwidth_slider show_arrows=&#8220;off&#8220; show_pagination=&#8220;off&#8220; auto=&#8220;on&#8220; parallax=&#8220;off&#8220; parallax_method=&#8220;on&#8220; auto_ignore_hover=&#8220;off&#8220; remove_inner_shadow=&#8220;off&#8220; background_position=&#8220;default&#8220; background_size=&#8220;default&#8220; hide_content_on_mobile=&#8220;off&#8220; hide_cta_on_mobile=&#8220;off&#8220; show_image_video_mobile=&#8220;off&#8220; custom_button=&#8220;off&#8220; button_letter_spacing=&#8220;0&#8243; button_use_icon=&#8220;default&#8220; button_icon_placement=&#8220;right&#8220; button_on_hover=&#8220;on&#8220; button_letter_spacing_hover=&#8220;0&#8243;] [et_pb_slide background_image=&#8220;http:\/\/internet-berater-handwerk.de\/handwerk2\/wp-content\/uploads\/sites\/3\/2016\/08\/tools-2423826_1920-1.jpg&#8220; use_bg_overlay=&#8220;off&#8220; use_text_overlay=&#8220;off&#8220; header_font=&#8220;||||&#8220; body_font=&#8220;||||&#8220; custom_button=&#8220;off&#8220; button_icon_placement=&#8220;right&#8220; button_on_hover=&#8220;on&#8220; background_position=&#8220;default&#8220; background_size=&#8220;default&#8220; background_color=&#8220;#ffffff&#8220; alignment=&#8220;center&#8220; background_layout=&#8220;dark&#8220; allow_player_pause=&#8220;off&#8220; text_border_radius=&#8220;3&#8243; header_font_select=&#8220;default&#8220; body_font_select=&#8220;default&#8220; button_font_select=&#8220;default&#8220; button_font=&#8220;||||&#8220; button_use_icon=&#8220;default&#8220; \/][et_pb_slide background_image=&#8220;http:\/\/internet-berater-handwerk.de\/handwerk2\/wp-content\/uploads\/sites\/3\/2016\/08\/folding-rule-1981307_1920-1.jpg&#8220; use_bg_overlay=&#8220;off&#8220; use_text_overlay=&#8220;off&#8220; header_font=&#8220;||||&#8220; body_font=&#8220;||||&#8220; custom_button=&#8220;off&#8220; button_icon_placement=&#8220;right&#8220; button_on_hover=&#8220;on&#8220; background_position=&#8220;default&#8220; background_size=&#8220;default&#8220; background_color=&#8220;#ffffff&#8220; alignment=&#8220;center&#8220; background_layout=&#8220;dark&#8220; allow_player_pause=&#8220;off&#8220; text_border_radius=&#8220;3&#8243; header_font_select=&#8220;default&#8220; body_font_select=&#8220;default&#8220; button_font_select=&#8220;default&#8220; button_font=&#8220;||||&#8220; button_use_icon=&#8220;default&#8220; \/][et_pb_slide background_image=&#8220;http:\/\/internet-berater-handwerk.de\/handwerk2\/wp-content\/uploads\/sites\/3\/2016\/08\/floor-1256804_1920-1.jpg&#8220; use_bg_overlay=&#8220;off&#8220; use_text_overlay=&#8220;off&#8220; header_font=&#8220;||||&#8220; body_font=&#8220;||||&#8220; custom_button=&#8220;off&#8220; button_icon_placement=&#8220;right&#8220; button_on_hover=&#8220;on&#8220; background_position=&#8220;default&#8220; background_size=&#8220;default&#8220; background_color=&#8220;#ffffff&#8220; alignment=&#8220;center&#8220; background_layout=&#8220;dark&#8220; allow_player_pause=&#8220;off&#8220; text_border_radius=&#8220;3&#8243; header_font_select=&#8220;default&#8220; body_font_select=&#8220;default&#8220; button_font_select=&#8220;default&#8220; button_font=&#8220;||||&#8220; button_use_icon=&#8220;default&#8220; \/] [\/et_pb_fullwidth_slider][\/et_pb_section][et_pb_section bb_built=&#8220;1&#8243; admin_label=&#8220;section&#8220; background_color=&#8220;#442b23&#8243; background_image=&#8220;http:\/\/www.schreinerei-niklas-pest.de\/wp16\/wp-content\/uploads\/2016\/08\/Hintergrund-1.jpg&#8220; custom_padding=&#8220;0px||40px|&#8220; parallax=&#8220;on&#8220; transparent_background=&#8220;off&#8220; allow_player_pause=&#8220;off&#8220; inner_shadow=&#8220;off&#8220; parallax_method=&#8220;on&#8220; make_fullwidth=&#8220;off&#8220; use_custom_width=&#8220;off&#8220; width_unit=&#8220;on&#8220; make_equal=&#8220;off&#8220; use_custom_gutter=&#8220;off&#8220;][et_pb_row admin_label=&#8220;row&#8220; make_fullwidth=&#8220;on&#8220; custom_width_px=&#8220;2600px&#8220; use_custom_gutter=&#8220;on&#8220; gutter_width=&#8220;1&#8243; custom_padding=&#8220;40px|NaNpx|40px|0px&#8220; custom_margin=&#8220;0px|||&#8220; background_color=&#8220;#442b23&#8243; padding_top_1=&#8220;0px&#8220; parallax_method_1=&#8220;off&#8220; background_position=&#8220;top_left&#8220; background_repeat=&#8220;repeat&#8220; background_size=&#8220;initial&#8220;][et_pb_column type=&#8220;4_4&#8243;][et_pb_text text_orientation=&#8220;center&#8220; text_font=&#8220;|on|||&#8220; text_font_size=&#8220;42px&#8220; text_text_color=&#8220;#ffffff&#8220; background_position=&#8220;top_left&#8220; background_repeat=&#8220;repeat&#8220; background_size=&#8220;initial&#8220;]<\/p>\n<p><span style=\"font-size: xx-large;\"> WILLKOMMEN BEI IHREM SCHREINER!<\/span><\/p>\n<p>[\/et_pb_text][\/et_pb_column][\/et_pb_row][et_pb_row admin_label=&#8220;row&#8220; use_custom_width=&#8220;on&#8220; width_unit=&#8220;off&#8220; custom_width_percent=&#8220;45%&#8220; background_color=&#8220;rgba(255,255,255,0.7)&#8220; custom_margin=&#8220;60px||40px|&#8220; custom_padding=&#8220;20px||20px|&#8220; parallax_method_1=&#8220;off&#8220; background_position=&#8220;top_left&#8220; background_repeat=&#8220;repeat&#8220; background_size=&#8220;initial&#8220; _builder_version=&#8220;3.0.59&#8243; background_position_1=&#8220;top_left&#8220; background_repeat_1=&#8220;no-repeat&#8220;][et_pb_column type=&#8220;4_4&#8243;][et_pb_text custom_padding=&#8220;|50px||50px&#8220; background_position=&#8220;top_left&#8220; background_repeat=&#8220;repeat&#8220; background_size=&#8220;initial&#8220; _builder_version=&#8220;3.0.59&#8243; background_layout=&#8220;light&#8220; text_orientation=&#8220;left&#8220; border_style=&#8220;solid&#8220;]<\/p>\n<p style=\"text-align: center;\"><span style=\"font-size: large; color: #000000;\"><strong>Handwerkliche Qualit\u00e4t und Individualit\u00e4t nach Ma\u00df<\/strong><\/span><\/p>\n<p style=\"text-align: center;\"><span style=\"color: #000000;\">Unsere St\u00e4rke ist die schnelle und individuelle Anfertigung von Schreiner-leistungen aller Art.<\/span><\/p>\n<p style=\"text-align: center;\"><span style=\"color: #000000;\">F\u00fcr alle denkbaren Anspr\u00fcche planen und fertigen wir nach Ma\u00df. Bei der Ausf\u00fchrung legen wir gro\u00dfen Wert auf ausgewogene\u00a0 \u00c4sthetik, Funktionalit\u00e4t und h\u00f6chste handwerkliche Pr\u00e4zision.<\/span><\/p>\n<p style=\"text-align: center;\"><strong><span style=\"color: #000000;\">\u00dcberzeugen Sie sich selbst!<\/span><\/strong><\/p>\n<p>[\/et_pb_text][\/et_pb_column][\/et_pb_row][et_pb_row parallax_method_1=&#8220;off&#8220; custom_padding=&#8220;30px|30px|30px|30px&#8220; background_position=&#8220;top_left&#8220; background_repeat=&#8220;repeat&#8220; background_size=&#8220;initial&#8220; _builder_version=&#8220;3.0.59&#8243; background_color=&#8220;rgba(255,255,255,0.7)&#8220; background_position_1=&#8220;top_left&#8220; background_repeat_1=&#8220;no-repeat&#8220; background_position_2=&#8220;top_left&#8220; background_repeat_2=&#8220;no-repeat&#8220; use_custom_width=&#8220;on&#8220; custom_width_px=&#8220;1250px&#8220;][et_pb_column type=&#8220;2_3&#8243;][et_pb_text custom_padding=&#8220;|50px||50px&#8220; background_position=&#8220;top_left&#8220; background_repeat=&#8220;repeat&#8220; background_size=&#8220;initial&#8220; _builder_version=&#8220;3.0.59&#8243; background_layout=&#8220;light&#8220; text_orientation=&#8220;left&#8220; border_style=&#8220;solid&#8220; text_text_color=&#8220;#000000&#8243;]<\/p>\n<p>Lorem ipsum dolor sit amet, consetetur sadipscing elitr, sed diam nonumy eirmod tempor invidunt ut labore et dolore magna aliquyam erat, sed diam voluptua. At vero eos et accusam et justo duo dolores et ea rebum. Stet clita kasd gubergren, no sea takimata sanctus est Lorem ipsum dolor sit amet. Lorem ipsum dolor sit amet, consetetur sadipscing elitr, sed diam nonumy eirmod tempor invidunt ut labore et dolore magna aliquyam erat, sed diam voluptua. At vero eos et accusam et justo duo dolores et ea rebum. Stet clita kasd gubergren, no sea takimata sanctus est Lorem ipsum dolor sit amet.<\/p>\n<p>Lorem ipsum dolor sit amet, consetetur sadipscing elitr, sed diam nonumy eirmod tempor invidunt ut labore et dolore magna aliquyam erat, sed diam voluptua. At vero eos et accusam et justo duo dolores et ea rebum. Stet clita kasd gubergren, no sea takimata sanctus est Lorem ipsum dolor sit amet. Lorem ipsum dolor sit amet, consetetur sadipscing elitr, sed diam nonumy eirmod tempor invidunt ut labore et dolore magna aliquyam erat, sed diam voluptua. At vero eos et accusam et justo duo dolores et ea rebum. Stet clita kasd gubergren, no sea takimata sanctus est Lorem ipsum dolor sit amet.<\/p>\n<p>[\/et_pb_text][\/et_pb_column][et_pb_column type=&#8220;1_3&#8243;][et_pb_gallery _builder_version=&#8220;3.0.59&#8243; show_title_and_caption=&#8220;off&#8220; show_pagination=&#8220;off&#8220; gallery_ids=&#8220;845,855,854,852&#8243; fullwidth=&#8220;on&#8220; orientation=&#8220;landscape&#8220; zoom_icon_color=&#8220;#2ea3f2&#8243; hover_overlay_color=&#8220;rgba(255,255,255,0.9)&#8220; hover_icon=&#8220;%%20%%&#8220; background_layout=&#8220;dark&#8220; border_style=&#8220;solid&#8220; auto=&#8220;off&#8220; \/][\/et_pb_column][\/et_pb_row][\/et_pb_section]<\/p>\n","protected":false},"excerpt":{"rendered":"<p>WILLKOMMEN BEI IHREM SCHREINER! Handwerkliche Qualit\u00e4t und Individualit\u00e4t nach Ma\u00df Unsere St\u00e4rke ist die schnelle und individuelle Anfertigung von Schreiner-leistungen aller Art. F\u00fcr alle denkbaren Anspr\u00fcche planen und fertigen wir nach Ma\u00df. Bei der Ausf\u00fchrung legen wir gro\u00dfen Wert auf ausgewogene\u00a0 \u00c4sthetik, Funktionalit\u00e4t und h\u00f6chste handwerkliche Pr\u00e4zision. \u00dcberzeugen Sie sich selbst! Lorem ipsum dolor sit [&hellip;]<\/p>\n","protected":false},"author":2,"featured_media":0,"parent":0,"menu_order":0,"comment_status":"closed","ping_status":"closed","template":"","meta":{"_et_pb_use_builder":"on","_et_pb_old_content":"","_et_gb_content_width":""},"_links":{"self":[{"href":"https:\/\/internet-berater-handwerk.de\/handwerk2\/wp-json\/wp\/v2\/pages\/634"}],"collection":[{"href":"https:\/\/internet-berater-handwerk.de\/handwerk2\/wp-json\/wp\/v2\/pages"}],"about":[{"href":"https:\/\/internet-berater-handwerk.de\/handwerk2\/wp-json\/wp\/v2\/types\/page"}],"author":[{"embeddable":true,"href":"https:\/\/internet-berater-handwerk.de\/handwerk2\/wp-json\/wp\/v2\/users\/2"}],"replies":[{"embeddable":true,"href":"https:\/\/internet-berater-handwerk.de\/handwerk2\/wp-json\/wp\/v2\/comments?post=634"}],"version-history":[{"count":20,"href":"https:\/\/internet-berater-handwerk.de\/handwerk2\/wp-json\/wp\/v2\/pages\/634\/revisions"}],"predecessor-version":[{"id":886,"href":"https:\/\/internet-berater-handwerk.de\/handwerk2\/wp-json\/wp\/v2\/pages\/634\/revisions\/886"}],"wp:attachment":[{"href":"https:\/\/internet-berater-handwerk.de\/handwerk2\/wp-json\/wp\/v2\/media?parent=634"}],"curies":[{"name":"wp","href":"https:\/\/api.w.org\/{rel}","templated":true}]}}