{"id":50,"date":"2016-08-18T10:47:53","date_gmt":"2016-08-18T08:47:53","guid":{"rendered":"http:\/\/www.schreinerei-niklas-pest.de\/wp16\/?page_id=50"},"modified":"2017-07-03T11:15:06","modified_gmt":"2017-07-03T09:15:06","slug":"leistungen","status":"publish","type":"page","link":"https:\/\/internet-berater-handwerk.de\/handwerk2\/leistungen\/","title":{"rendered":"LEISTUNGEN"},"content":{"rendered":"<p>[et_pb_section bb_built=&#8220;1&#8243; fullwidth=&#8220;on&#8220;][et_pb_fullwidth_slider auto=&#8220;on&#8220; parallax=&#8220;off&#8220; parallax_method=&#8220;on&#8220; _builder_version=&#8220;3.0.59&#8243; show_arrows=&#8220;off&#8220; show_pagination=&#8220;off&#8220; remove_inner_shadow=&#8220;off&#8220; custom_button=&#8220;off&#8220; button_letter_spacing=&#8220;0&#8243; button_icon_placement=&#8220;right&#8220; button_letter_spacing_hover=&#8220;0&#8243; auto_ignore_hover=&#8220;off&#8220; hide_content_on_mobile=&#8220;off&#8220; hide_cta_on_mobile=&#8220;off&#8220; show_image_video_mobile=&#8220;off&#8220;]<\/p>\n<p>[et_pb_slide background_image=&#8220;http:\/\/internet-berater-handwerk.de\/handwerk2\/wp-content\/uploads\/sites\/3\/2016\/08\/folding-rule-1981307_1920-1.jpg&#8220; use_bg_overlay=&#8220;off&#8220; use_text_overlay=&#8220;off&#8220; header_font=&#8220;||||&#8220; body_font=&#8220;||||&#8220; custom_button=&#8220;off&#8220; button_icon_placement=&#8220;right&#8220; button_on_hover=&#8220;on&#8220; background_color=&#8220;#ffffff&#8220; use_background_color_gradient=&#8220;off&#8220; background_color_gradient_start=&#8220;#2b87da&#8220; background_color_gradient_end=&#8220;#29c4a9&#8243; background_color_gradient_type=&#8220;linear&#8220; background_color_gradient_direction=&#8220;180deg&#8220; background_color_gradient_direction_radial=&#8220;center&#8220; background_color_gradient_start_position=&#8220;0%&#8220; background_color_gradient_end_position=&#8220;100%&#8220; parallax=&#8220;off&#8220; parallax_method=&#8220;off&#8220; background_position=&#8220;center&#8220; background_size=&#8220;cover&#8220; background_repeat=&#8220;no-repeat&#8220; background_blend=&#8220;normal&#8220; allow_player_pause=&#8220;off&#8220; text_border_radius=&#8220;3&#8243; alignment=&#8220;center&#8220; background_layout=&#8220;dark&#8220; header_font_select=&#8220;default&#8220; body_font_select=&#8220;default&#8220; button_font_select=&#8220;default&#8220; button_font=&#8220;||||&#8220; button_use_icon=&#8220;default&#8220; \/][et_pb_slide background_image=&#8220;http:\/\/internet-berater-handwerk.de\/handwerk2\/wp-content\/uploads\/sites\/3\/2016\/08\/tools-2423826_1920-1.jpg&#8220; use_bg_overlay=&#8220;off&#8220; use_text_overlay=&#8220;off&#8220; header_font=&#8220;||||&#8220; body_font=&#8220;||||&#8220; custom_button=&#8220;off&#8220; button_icon_placement=&#8220;right&#8220; button_on_hover=&#8220;on&#8220; background_color=&#8220;#ffffff&#8220; use_background_color_gradient=&#8220;off&#8220; background_color_gradient_start=&#8220;#2b87da&#8220; background_color_gradient_end=&#8220;#29c4a9&#8243; background_color_gradient_type=&#8220;linear&#8220; background_color_gradient_direction=&#8220;180deg&#8220; background_color_gradient_direction_radial=&#8220;center&#8220; background_color_gradient_start_position=&#8220;0%&#8220; background_color_gradient_end_position=&#8220;100%&#8220; parallax=&#8220;off&#8220; parallax_method=&#8220;off&#8220; background_position=&#8220;center&#8220; background_size=&#8220;cover&#8220; background_repeat=&#8220;no-repeat&#8220; background_blend=&#8220;normal&#8220; allow_player_pause=&#8220;off&#8220; text_border_radius=&#8220;3&#8243; alignment=&#8220;center&#8220; background_layout=&#8220;dark&#8220; header_font_select=&#8220;default&#8220; body_font_select=&#8220;default&#8220; button_font_select=&#8220;default&#8220; button_font=&#8220;||||&#8220; button_use_icon=&#8220;default&#8220; \/][et_pb_slide background_image=&#8220;http:\/\/internet-berater-handwerk.de\/handwerk2\/wp-content\/uploads\/sites\/3\/2016\/08\/floor-1256804_1920-1.jpg&#8220; use_bg_overlay=&#8220;off&#8220; use_text_overlay=&#8220;off&#8220; header_font=&#8220;||||&#8220; body_font=&#8220;||||&#8220; custom_button=&#8220;off&#8220; button_icon_placement=&#8220;right&#8220; button_on_hover=&#8220;on&#8220; background_color=&#8220;#ffffff&#8220; use_background_color_gradient=&#8220;off&#8220; background_color_gradient_start=&#8220;#2b87da&#8220; background_color_gradient_end=&#8220;#29c4a9&#8243; background_color_gradient_type=&#8220;linear&#8220; background_color_gradient_direction=&#8220;180deg&#8220; background_color_gradient_direction_radial=&#8220;center&#8220; background_color_gradient_start_position=&#8220;0%&#8220; background_color_gradient_end_position=&#8220;100%&#8220; parallax=&#8220;off&#8220; parallax_method=&#8220;off&#8220; background_position=&#8220;center&#8220; background_size=&#8220;cover&#8220; background_repeat=&#8220;no-repeat&#8220; background_blend=&#8220;normal&#8220; allow_player_pause=&#8220;off&#8220; text_border_radius=&#8220;3&#8243; alignment=&#8220;center&#8220; background_layout=&#8220;dark&#8220; header_font_select=&#8220;default&#8220; body_font_select=&#8220;default&#8220; button_font_select=&#8220;default&#8220; button_font=&#8220;||||&#8220; button_use_icon=&#8220;default&#8220; \/]<\/p>\n<p>[\/et_pb_fullwidth_slider][\/et_pb_section][et_pb_section bb_built=&#8220;1&#8243; admin_label=&#8220;section&#8220; background_color=&#8220;#442b23&#8243; custom_padding=&#8220;10px||40px|&#8220;][et_pb_row admin_label=&#8220;row&#8220; custom_padding=&#8220;27px|0px|0px|0px&#8220; background_position=&#8220;top_left&#8220; background_repeat=&#8220;repeat&#8220; background_size=&#8220;initial&#8220;][et_pb_column type=&#8220;4_4&#8243;][et_pb_text text_orientation=&#8220;center&#8220; text_font=&#8220;|on|||&#8220; text_font_size=&#8220;42px&#8220; text_text_color=&#8220;#ffffff&#8220; background_position=&#8220;top_left&#8220; background_repeat=&#8220;repeat&#8220; background_size=&#8220;initial&#8220;]<\/p>\n<p><span style=\"font-size: xx-large;\"> LEISTUNGEN<\/span><\/p>\n<p>[\/et_pb_text][\/et_pb_column][\/et_pb_row][\/et_pb_section][et_pb_section bb_built=&#8220;1&#8243; admin_label=&#8220;section&#8220; background_color=&#8220;rgba(255,255,255,0)&#8220; custom_padding=&#8220;60px||0px|&#8220;][et_pb_row admin_label=&#8220;row&#8220; custom_padding=&#8220;20px|20px|20px|20px&#8220; background_color=&#8220;rgba(255,255,255,0)&#8220; parallax_method_1=&#8220;off&#8220; parallax_method_2=&#8220;off&#8220; use_custom_width=&#8220;on&#8220; background_position=&#8220;top_left&#8220; background_repeat=&#8220;repeat&#8220; background_size=&#8220;initial&#8220; _builder_version=&#8220;3.0.59&#8243; background_position_1=&#8220;top_left&#8220; background_repeat_1=&#8220;no-repeat&#8220; background_position_2=&#8220;top_left&#8220; background_repeat_2=&#8220;no-repeat&#8220; use_custom_gutter=&#8220;on&#8220; gutter_width=&#8220;2&#8243; custom_width_px=&#8220;1284px&#8220; make_equal=&#8220;on&#8220;][et_pb_column type=&#8220;1_4&#8243;][et_pb_text background_color=&#8220;rgba(255,255,255,0)&#8220; custom_padding=&#8220;0px|20px||20px&#8220; text_font_size=&#8220;21px&#8220; text_text_color=&#8220;#000000&#8243; custom_margin=&#8220;||10px|&#8220; background_position=&#8220;top_left&#8220; background_repeat=&#8220;repeat&#8220; background_size=&#8220;initial&#8220; _builder_version=&#8220;3.0.59&#8243; background_layout=&#8220;light&#8220; text_orientation=&#8220;left&#8220; border_style=&#8220;solid&#8220;]<\/p>\n<p><strong>Galerie Mustermann<\/strong><\/p>\n<p>[\/et_pb_text][et_pb_text background_color=&#8220;rgba(255,255,255,0)&#8220; custom_padding=&#8220;0px|20px|10px|20px&#8220; text_text_color=&#8220;#000000&#8243; background_position=&#8220;top_left&#8220; background_repeat=&#8220;repeat&#8220; background_size=&#8220;initial&#8220; _builder_version=&#8220;3.0.59&#8243; background_layout=&#8220;light&#8220; text_orientation=&#8220;left&#8220; border_style=&#8220;solid&#8220;]<\/p>\n<p>K\u00fcchen sind mitunter der wichtigste Raum im Haus. Wir helfen Ihnen bei der Planung und entwickeln mit Ihnen, die f\u00fcr Ihre Anspr\u00fcche und Raumsituation optimale K\u00fcche.<\/p>\n<p>[\/et_pb_text][\/et_pb_column][et_pb_column type=&#8220;3_4&#8243;][et_pb_gallery gallery_ids=&#8220;844,845,846,847,848,849,850,851,852,853,854,855&#8243; posts_number=&#8220;12&#8243; show_title_and_caption=&#8220;off&#8220; show_pagination=&#8220;off&#8220; fullwidth=&#8220;off&#8220; orientation=&#8220;landscape&#8220; background_layout=&#8220;light&#8220; auto=&#8220;off&#8220; hover_overlay_color=&#8220;rgba(255,255,255,0.9)&#8220; border_style=&#8220;solid&#8220; _builder_version=&#8220;3.0.59&#8243; zoom_icon_color=&#8220;#442b23&#8243; \/][\/et_pb_column][\/et_pb_row][et_pb_row admin_label=&#8220;row&#8220; custom_padding=&#8220;20px|20px|20px|20px&#8220; background_color=&#8220;rgba(255,255,255,0)&#8220; parallax_method_1=&#8220;off&#8220; parallax_method_2=&#8220;off&#8220; use_custom_width=&#8220;on&#8220; use_custom_gutter=&#8220;on&#8220; parallax_2=&#8220;off&#8220; custom_width_px=&#8220;1301px&#8220; background_position=&#8220;top_left&#8220; background_repeat=&#8220;repeat&#8220; background_size=&#8220;initial&#8220; _builder_version=&#8220;3.0.59&#8243; background_position_1=&#8220;top_left&#8220; background_repeat_1=&#8220;no-repeat&#8220; gutter_width=&#8220;2&#8243;][et_pb_column type=&#8220;4_4&#8243;][\/et_pb_column][\/et_pb_row][\/et_pb_section]<\/p>\n","protected":false},"excerpt":{"rendered":"<p>LEISTUNGEN Galerie Mustermann K\u00fcchen sind mitunter der wichtigste Raum im Haus. Wir helfen Ihnen bei der Planung und entwickeln mit Ihnen, die f\u00fcr Ihre Anspr\u00fcche und Raumsituation optimale K\u00fcche.<\/p>\n","protected":false},"author":2,"featured_media":0,"parent":0,"menu_order":4,"comment_status":"closed","ping_status":"closed","template":"","meta":{"_et_pb_use_builder":"on","_et_pb_old_content":"","_et_gb_content_width":""},"_links":{"self":[{"href":"https:\/\/internet-berater-handwerk.de\/handwerk2\/wp-json\/wp\/v2\/pages\/50"}],"collection":[{"href":"https:\/\/internet-berater-handwerk.de\/handwerk2\/wp-json\/wp\/v2\/pages"}],"about":[{"href":"https:\/\/internet-berater-handwerk.de\/handwerk2\/wp-json\/wp\/v2\/types\/page"}],"author":[{"embeddable":true,"href":"https:\/\/internet-berater-handwerk.de\/handwerk2\/wp-json\/wp\/v2\/users\/2"}],"replies":[{"embeddable":true,"href":"https:\/\/internet-berater-handwerk.de\/handwerk2\/wp-json\/wp\/v2\/comments?post=50"}],"version-history":[{"count":27,"href":"https:\/\/internet-berater-handwerk.de\/handwerk2\/wp-json\/wp\/v2\/pages\/50\/revisions"}],"predecessor-version":[{"id":864,"href":"https:\/\/internet-berater-handwerk.de\/handwerk2\/wp-json\/wp\/v2\/pages\/50\/revisions\/864"}],"wp:attachment":[{"href":"https:\/\/internet-berater-handwerk.de\/handwerk2\/wp-json\/wp\/v2\/media?parent=50"}],"curies":[{"name":"wp","href":"https:\/\/api.w.org\/{rel}","templated":true}]}}