{"id":42,"date":"2016-08-18T10:36:16","date_gmt":"2016-08-18T08:36:16","guid":{"rendered":"http:\/\/www.schreinerei-niklas-pest.de\/wp16\/?page_id=42"},"modified":"2017-07-03T09:49:44","modified_gmt":"2017-07-03T07:49:44","slug":"ueber-uns","status":"publish","type":"page","link":"https:\/\/internet-berater-handwerk.de\/handwerk2\/ueber-uns\/","title":{"rendered":"\u00dcBER UNS"},"content":{"rendered":"<p>[et_pb_section bb_built=&#8220;1&#8243; admin_label=&#8220;Sektion&#8220; fullwidth=&#8220;on&#8220; transparent_background=&#8220;off&#8220; allow_player_pause=&#8220;off&#8220; inner_shadow=&#8220;off&#8220; parallax=&#8220;off&#8220; parallax_method=&#8220;on&#8220; make_fullwidth=&#8220;off&#8220; use_custom_width=&#8220;off&#8220; width_unit=&#8220;on&#8220; make_equal=&#8220;off&#8220; use_custom_gutter=&#8220;off&#8220;][et_pb_fullwidth_slider admin_label=&#8220;Vollbreiter Slider&#8220; background_size=&#8220;initial&#8220; show_arrows=&#8220;off&#8220; show_pagination=&#8220;off&#8220; background_position=&#8220;default&#8220; remove_inner_shadow=&#8220;off&#8220; parallax=&#8220;off&#8220; parallax_method=&#8220;on&#8220; custom_button=&#8220;off&#8220; button_letter_spacing=&#8220;0&#8243; button_use_icon=&#8220;default&#8220; button_icon_placement=&#8220;right&#8220; button_on_hover=&#8220;on&#8220; button_letter_spacing_hover=&#8220;0&#8243; auto=&#8220;on&#8220; auto_ignore_hover=&#8220;off&#8220; hide_content_on_mobile=&#8220;off&#8220; hide_cta_on_mobile=&#8220;off&#8220; show_image_video_mobile=&#8220;off&#8220; auto_speed=&#8220;7000&#8243;] [et_pb_slide background_image=&#8220;http:\/\/internet-berater-handwerk.de\/handwerk2\/wp-content\/uploads\/sites\/3\/2016\/08\/tools-2423826_1920-1.jpg&#8220; use_bg_overlay=&#8220;off&#8220; use_text_overlay=&#8220;off&#8220; header_font=&#8220;||||&#8220; body_font=&#8220;||||&#8220; custom_button=&#8220;off&#8220; button_icon_placement=&#8220;right&#8220; button_on_hover=&#8220;on&#8220; allow_player_pause=&#8220;off&#8220; background_position=&#8220;default&#8220; background_size=&#8220;default&#8220; background_color=&#8220;#ffffff&#8220; text_border_radius=&#8220;3&#8243; alignment=&#8220;center&#8220; background_layout=&#8220;dark&#8220; header_font_select=&#8220;default&#8220; body_font_select=&#8220;default&#8220; button_font_select=&#8220;default&#8220; button_font=&#8220;||||&#8220; button_use_icon=&#8220;default&#8220; \/][et_pb_slide background_image=&#8220;http:\/\/internet-berater-handwerk.de\/handwerk2\/wp-content\/uploads\/sites\/3\/2016\/08\/folding-rule-1981307_1920-1.jpg&#8220; use_bg_overlay=&#8220;off&#8220; use_text_overlay=&#8220;off&#8220; header_font=&#8220;||||&#8220; body_font=&#8220;||||&#8220; custom_button=&#8220;off&#8220; button_icon_placement=&#8220;right&#8220; button_on_hover=&#8220;on&#8220; allow_player_pause=&#8220;off&#8220; background_position=&#8220;default&#8220; background_size=&#8220;default&#8220; background_color=&#8220;#ffffff&#8220; text_border_radius=&#8220;3&#8243; alignment=&#8220;center&#8220; background_layout=&#8220;dark&#8220; header_font_select=&#8220;default&#8220; body_font_select=&#8220;default&#8220; button_font_select=&#8220;default&#8220; button_font=&#8220;||||&#8220; button_use_icon=&#8220;default&#8220; \/][et_pb_slide background_image=&#8220;http:\/\/internet-berater-handwerk.de\/handwerk2\/wp-content\/uploads\/sites\/3\/2016\/08\/floor-1256804_1920-1.jpg&#8220; use_bg_overlay=&#8220;off&#8220; use_text_overlay=&#8220;off&#8220; header_font=&#8220;||||&#8220; body_font=&#8220;||||&#8220; custom_button=&#8220;off&#8220; button_icon_placement=&#8220;right&#8220; button_on_hover=&#8220;on&#8220; allow_player_pause=&#8220;off&#8220; background_position=&#8220;default&#8220; background_size=&#8220;default&#8220; background_color=&#8220;#ffffff&#8220; text_border_radius=&#8220;3&#8243; alignment=&#8220;center&#8220; background_layout=&#8220;dark&#8220; header_font_select=&#8220;default&#8220; body_font_select=&#8220;default&#8220; button_font_select=&#8220;default&#8220; button_font=&#8220;||||&#8220; button_use_icon=&#8220;default&#8220; \/] [\/et_pb_fullwidth_slider][\/et_pb_section][et_pb_section bb_built=&#8220;1&#8243; admin_label=&#8220;section&#8220; background_color=&#8220;#442b23&#8243; custom_padding=&#8220;10px||40px|&#8220;][et_pb_row admin_label=&#8220;row&#8220; custom_padding=&#8220;27px|0px|0px|0px&#8220;][et_pb_column type=&#8220;4_4&#8243;][et_pb_text admin_label=&#8220;Text&#8220; text_orientation=&#8220;center&#8220; text_font=&#8220;|on|||&#8220; text_font_size=&#8220;42px&#8220; text_text_color=&#8220;#ffffff&#8220;]<\/p>\n<p><span style=\"font-size: xx-large;\"> \u00dcBER UNS<\/span><\/p>\n<p>[\/et_pb_text][\/et_pb_column][\/et_pb_row][\/et_pb_section][et_pb_section bb_built=&#8220;1&#8243; admin_label=&#8220;section&#8220;][et_pb_row admin_label=&#8220;row&#8220;][et_pb_column type=&#8220;1_2&#8243;][et_pb_text admin_label=&#8220;Text&#8220; background_layout=&#8220;light&#8220; text_orientation=&#8220;left&#8220; use_border_color=&#8220;off&#8220; border_color=&#8220;#ffffff&#8220; border_style=&#8220;solid&#8220;]<\/p>\n<p><strong><span style=\"color: #000000;\">Warum Schreinerei Mustermann?<\/span><\/strong><\/p>\n<p><span style=\"color: #000000;\">Die Schreinerei Mustermann, das sind die Schreinermeister Max Mustermann und Max Mustermann. Wir gr\u00fcndeten 1995 unsere Schreinerei in Musterhausen.<\/span><\/p>\n<p><span style=\"color: #000000;\">Unsere St\u00e4rke ist die schnelle und individuelle Anfertigung von Schreinerleistungen aller Art. F\u00fcr alle denkbaren Anspr\u00fcche planen und fertigen wir nach Ma\u00df.<\/span><\/p>\n<p><span style=\"color: #000000;\">Bei der Ausf\u00fchrung legen wir besonderen Wert auf ausgewogene \u00c4sthetik und Funktionalit\u00e4t. Oberster Grundsatz unserer Arbeit ist die saubere handwerkliche Ausf\u00fchrung. Wir sind ein kontinuierlicher Ausbildungsbetrieb und sichern damit auch die Zukunft heimischer Arbeitspl\u00e4tze.<\/span><\/p>\n<p><span style=\"color: #000000;\">Wir beraten Sie gerne pers\u00f6nlich, kompetent und unverbindlich. Und das auf Wunsch auch gerne vor Ort bei Ihnen zu Hause.<\/span><\/p>\n<p><strong><span style=\"color: #000000;\">Rufen Sie uns einfach an.<\/span><\/strong><br \/>\n<strong><span style=\"color: #000000;\"> Wir sind in jeder Situation f\u00fcr Sie da!<\/span><\/strong><\/p>\n<p>[\/et_pb_text][\/et_pb_column][et_pb_column type=&#8220;1_2&#8243;][et_pb_text admin_label=&#8220;Text&#8220; custom_margin=&#8220;||20px|&#8220; custom_padding=&#8220;|||&#8220; background_layout=&#8220;light&#8220; text_orientation=&#8220;left&#8220; use_border_color=&#8220;off&#8220; border_color=&#8220;#ffffff&#8220; border_style=&#8220;solid&#8220;]<\/p>\n<p><strong><span style=\"color: #000000;\">Unsere Schreinerei in Musterhausen:<\/span><\/strong><\/p>\n<p>[\/et_pb_text][et_pb_image admin_label=&#8220;Bild&#8220; src=&#8220;http:\/\/internet-berater-handwerk.de\/handwerk2\/wp-content\/uploads\/sites\/3\/2016\/08\/barn-1625968_960_720.jpg&#8220; animation=&#8220;off&#8220; custom_margin=&#8220;0px|||&#8220; show_in_lightbox=&#8220;off&#8220; url_new_window=&#8220;off&#8220; use_overlay=&#8220;off&#8220; sticky=&#8220;off&#8220; align=&#8220;left&#8220; force_fullwidth=&#8220;off&#8220; always_center_on_mobile=&#8220;on&#8220; use_border_color=&#8220;off&#8220; border_color=&#8220;#ffffff&#8220; border_style=&#8220;solid&#8220; \/][\/et_pb_column][\/et_pb_row][\/et_pb_section]<\/p>\n","protected":false},"excerpt":{"rendered":"<p>\u00dcBER UNS Warum Schreinerei Mustermann? Die Schreinerei Mustermann, das sind die Schreinermeister Max Mustermann und Max Mustermann. Wir gr\u00fcndeten 1995 unsere Schreinerei in Musterhausen. Unsere St\u00e4rke ist die schnelle und individuelle Anfertigung von Schreinerleistungen aller Art. F\u00fcr alle denkbaren Anspr\u00fcche planen und fertigen wir nach Ma\u00df. Bei der Ausf\u00fchrung legen wir besonderen Wert auf ausgewogene [&hellip;]<\/p>\n","protected":false},"author":2,"featured_media":0,"parent":0,"menu_order":2,"comment_status":"closed","ping_status":"closed","template":"","meta":{"_et_pb_use_builder":"on","_et_pb_old_content":"","_et_gb_content_width":""},"_links":{"self":[{"href":"https:\/\/internet-berater-handwerk.de\/handwerk2\/wp-json\/wp\/v2\/pages\/42"}],"collection":[{"href":"https:\/\/internet-berater-handwerk.de\/handwerk2\/wp-json\/wp\/v2\/pages"}],"about":[{"href":"https:\/\/internet-berater-handwerk.de\/handwerk2\/wp-json\/wp\/v2\/types\/page"}],"author":[{"embeddable":true,"href":"https:\/\/internet-berater-handwerk.de\/handwerk2\/wp-json\/wp\/v2\/users\/2"}],"replies":[{"embeddable":true,"href":"https:\/\/internet-berater-handwerk.de\/handwerk2\/wp-json\/wp\/v2\/comments?post=42"}],"version-history":[{"count":5,"href":"https:\/\/internet-berater-handwerk.de\/handwerk2\/wp-json\/wp\/v2\/pages\/42\/revisions"}],"predecessor-version":[{"id":812,"href":"https:\/\/internet-berater-handwerk.de\/handwerk2\/wp-json\/wp\/v2\/pages\/42\/revisions\/812"}],"wp:attachment":[{"href":"https:\/\/internet-berater-handwerk.de\/handwerk2\/wp-json\/wp\/v2\/media?parent=42"}],"curies":[{"name":"wp","href":"https:\/\/api.w.org\/{rel}","templated":true}]}}