{"id":284,"date":"2017-04-04T12:56:48","date_gmt":"2017-04-04T10:56:48","guid":{"rendered":"http:\/\/bentner-gartenbau.de\/wp17\/?page_id=2"},"modified":"2017-07-10T09:38:26","modified_gmt":"2017-07-10T07:38:26","slug":"beispiel-seite-2","status":"publish","type":"page","link":"https:\/\/internet-berater-handwerk.de\/handwerk1\/","title":{"rendered":"HOME"},"content":{"rendered":"<p>[et_pb_section bb_built=&#8220;1&#8243; fullwidth=&#8220;on&#8220; _builder_version=&#8220;3.0.59&#8243;][et_pb_fullwidth_slider show_arrows=&#8220;off&#8220; show_pagination=&#8220;off&#8220; _builder_version=&#8220;3.0.59&#8243;] [et_pb_slide heading=&#8220;NAME DER FIRMA&#8220; background_image=&#8220;http:\/\/internet-berater-handwerk.de\/handwerk1\/wp-content\/uploads\/sites\/2\/2017\/04\/Bild_5.jpg&#8220; use_bg_overlay=&#8220;off&#8220; use_text_overlay=&#8220;off&#8220; _builder_version=&#8220;3.0.47&#8243; header_font=&#8220;|on|||&#8220; body_font=&#8220;||||&#8220; custom_button=&#8220;off&#8220; button_icon_placement=&#8220;right&#8220; button_on_hover=&#8220;on&#8220;][\/et_pb_slide] [\/et_pb_fullwidth_slider][\/et_pb_section][et_pb_section bb_built=&#8220;1&#8243; custom_padding=&#8220;16px|0px|15px|0px&#8220; _builder_version=&#8220;3.0.47&#8243;][et_pb_row _builder_version=&#8220;3.0.47&#8243; background_size=&#8220;initial&#8220; background_position=&#8220;top_left&#8220; background_repeat=&#8220;repeat&#8220;][et_pb_column type=&#8220;1_3&#8243;][et_pb_image src=&#8220;http:\/\/internet-berater-handwerk.de\/handwerk1\/wp-content\/uploads\/sites\/2\/2017\/04\/Vektor-Smartobjekt.jpg&#8220; url=&#8220;http:\/\/internet-berater-handwerk.de\/handwerk1\/ueber-bentner\/&#8220; animation=&#8220;fade_in&#8220; align=&#8220;center&#8220; module_class=&#8220;hover_grow&#8220; _builder_version=&#8220;3.0.59&#8243; show_in_lightbox=&#8220;off&#8220; url_new_window=&#8220;off&#8220; use_overlay=&#8220;off&#8220; sticky=&#8220;off&#8220; always_center_on_mobile=&#8220;on&#8220; border_style=&#8220;solid&#8220; force_fullwidth=&#8220;off&#8220; \/][et_pb_button button_url=&#8220;http:\/\/internet-berater-handwerk.de\/handwerk1\/ueber-bentner\/&#8220; button_text=&#8220;\u00dcBER MUSTERMANN&#8220; button_alignment=&#8220;center&#8220; _builder_version=&#8220;3.0.59&#8243; custom_button=&#8220;on&#8220; button_text_size=&#8220;18&#8243; button_text_color=&#8220;#1e46c9&#8243; button_bg_color=&#8220;#ffffff&#8220; button_border_width=&#8220;1&#8243; button_border_color=&#8220;#1e46c9&#8243; button_icon=&#8220;%%101%%&#8220; button_icon_color=&#8220;#edf000&#8243; button_text_color_hover=&#8220;#ffffff&#8220; button_bg_color_hover=&#8220;#1e46c9&#8243; button_border_radius_hover=&#8220;2&#8243; background_color=&#8220;#7EBEC5&#8243; \/][\/et_pb_column][et_pb_column type=&#8220;1_3&#8243;][et_pb_image src=&#8220;http:\/\/internet-berater-handwerk.de\/handwerk1\/wp-content\/uploads\/sites\/2\/2017\/04\/Vektor-Smartobjekt-1.jpg&#8220; url=&#8220;http:\/\/internet-berater-handwerk.de\/handwerk1\/leistungen\/&#8220; animation=&#8220;fade_in&#8220; align=&#8220;center&#8220; _builder_version=&#8220;3.0.59&#8243; show_in_lightbox=&#8220;off&#8220; url_new_window=&#8220;off&#8220; use_overlay=&#8220;off&#8220; sticky=&#8220;off&#8220; always_center_on_mobile=&#8220;on&#8220; border_style=&#8220;solid&#8220; force_fullwidth=&#8220;off&#8220; module_class=&#8220;hover_grow&#8220; \/][et_pb_button button_url=&#8220;http:\/\/internet-berater-handwerk.de\/handwerk1\/leistungen\/&#8220; button_text=&#8220;LEISTUNGEN&#8220; button_alignment=&#8220;center&#8220; _builder_version=&#8220;3.0.59&#8243; custom_button=&#8220;on&#8220; button_text_size=&#8220;18&#8243; button_text_color=&#8220;#1e46c9&#8243; button_bg_color=&#8220;#ffffff&#8220; button_border_width=&#8220;1&#8243; button_border_color=&#8220;#1e46c9&#8243; button_icon=&#8220;%%174%%&#8220; button_icon_color=&#8220;#edf000&#8243; button_text_color_hover=&#8220;#ffffff&#8220; button_bg_color_hover=&#8220;#1e46c9&#8243; button_border_radius_hover=&#8220;2&#8243; background_color=&#8220;#7EBEC5&#8243; \/][\/et_pb_column][et_pb_column type=&#8220;1_3&#8243;][et_pb_image src=&#8220;http:\/\/internet-berater-handwerk.de\/handwerk1\/wp-content\/uploads\/sites\/2\/2017\/04\/Vektor-Smartobjekt-2.jpg&#8220; url=&#8220;http:\/\/internet-berater-handwerk.de\/handwerk1\/kontakt\/&#8220; animation=&#8220;fade_in&#8220; align=&#8220;center&#8220; _builder_version=&#8220;3.0.59&#8243; show_in_lightbox=&#8220;off&#8220; url_new_window=&#8220;off&#8220; use_overlay=&#8220;off&#8220; sticky=&#8220;off&#8220; always_center_on_mobile=&#8220;on&#8220; border_style=&#8220;solid&#8220; force_fullwidth=&#8220;off&#8220; module_class=&#8220;hover_grow&#8220; \/][et_pb_button button_url=&#8220;http:\/\/internet-berater-handwerk.de\/handwerk1\/kontakt\/&#8220; button_text=&#8220;KONTAKT&#8220; button_alignment=&#8220;center&#8220; _builder_version=&#8220;3.0.59&#8243; custom_button=&#8220;on&#8220; button_text_size=&#8220;18&#8243; button_text_color=&#8220;#1e46c9&#8243; button_bg_color=&#8220;#ffffff&#8220; button_border_width=&#8220;1&#8243; button_border_color=&#8220;#1e46c9&#8243; button_icon=&#8220;%%153%%&#8220; button_icon_color=&#8220;#edf000&#8243; button_text_color_hover=&#8220;#ffffff&#8220; button_bg_color_hover=&#8220;#1e46c9&#8243; button_border_radius_hover=&#8220;2&#8243; background_color=&#8220;#7EBEC5&#8243; \/][\/et_pb_column][\/et_pb_row][\/et_pb_section][et_pb_section bb_built=&#8220;1&#8243; custom_padding=&#8220;32px|0px|0px|0px&#8220; _builder_version=&#8220;3.0.59&#8243;][et_pb_row custom_padding=&#8220;0px|0px|10px|0px&#8220; parallax_method_1=&#8220;off&#8220; _builder_version=&#8220;3.0.59&#8243; background_size=&#8220;initial&#8220; background_position=&#8220;top_left&#8220; background_repeat=&#8220;repeat&#8220; background_position_1=&#8220;top_left&#8220; background_repeat_1=&#8220;no-repeat&#8220;][et_pb_column type=&#8220;4_4&#8243;][et_pb_text _builder_version=&#8220;3.0.59&#8243; background_size=&#8220;initial&#8220; background_position=&#8220;top_left&#8220; background_repeat=&#8220;repeat&#8220; background_layout=&#8220;light&#8220; text_orientation=&#8220;left&#8220; text_text_color=&#8220;#000000&#8243; border_style=&#8220;solid&#8220;]<\/p>\n<h3 style=\"text-align: left;\"><span style=\"color: #000000;\">WILLKOMMEN BEI <span style=\"color: #1e46c9;\">MUSTERMANN<\/span>!<\/span><\/h3>\n<p>[\/et_pb_text][\/et_pb_column][\/et_pb_row][et_pb_row custom_padding=&#8220;0px|0px|50px|0px&#8220; parallax_method_1=&#8220;off&#8220; _builder_version=&#8220;3.0.59&#8243; background_size=&#8220;initial&#8220; background_position=&#8220;top_left&#8220; background_repeat=&#8220;repeat&#8220; background_position_1=&#8220;top_left&#8220; background_repeat_1=&#8220;no-repeat&#8220; background_position_2=&#8220;top_left&#8220; background_repeat_2=&#8220;no-repeat&#8220;][et_pb_column type=&#8220;1_2&#8243;][et_pb_text _builder_version=&#8220;3.0.59&#8243; background_layout=&#8220;light&#8220; text_orientation=&#8220;left&#8220; text_text_color=&#8220;#000000&#8243; border_style=&#8220;solid&#8220;]<\/p>\n<p>Lorem ipsum dolor sit amet, consetetur sadipscing elitr, sed diam nonumy eirmod tempor invidunt ut labore et dolore magna aliquyam erat, sed diam voluptua. At vero eos et accusam et justo duo dolores et ea rebum. Stet clita kasd gubergren, no sea takimata sanctus est Lorem ipsum dolor sit amet. Lorem ipsum dolor sit amet, consetetur sadipscing elitr, sed diam nonumy eirmod tempor invidunt ut labore et dolore magna aliquyam erat, sed diam voluptua. At vero eos et accusam et justo duo dolores et ea rebum. Stet clita kasd gubergren, no sea takimata sanctus est Lorem ipsum dolor sit amet.<\/p>\n<p>[\/et_pb_text][\/et_pb_column][et_pb_column type=&#8220;1_2&#8243;][et_pb_text _builder_version=&#8220;3.0.59&#8243; background_layout=&#8220;light&#8220; text_orientation=&#8220;left&#8220; text_text_color=&#8220;#000000&#8243; border_style=&#8220;solid&#8220;]<\/p>\n<p>Lorem ipsum dolor sit amet, consetetur sadipscing elitr, sed diam nonumy eirmod tempor invidunt ut labore et dolore magna aliquyam erat, sed diam voluptua. At vero eos et accusam et justo duo dolores et ea rebum. Stet clita kasd gubergren, no sea takimata sanctus est Lorem ipsum dolor sit amet. Lorem ipsum dolor sit amet, consetetur sadipscing elitr, sed diam nonumy eirmod tempor invidunt ut labore et dolore magna aliquyam erat, sed diam voluptua. At vero eos et accusam et justo duo dolores et ea rebum. Stet clita kasd gubergren, no sea takimata sanctus est Lorem ipsum dolor sit amet.<\/p>\n<p>[\/et_pb_text][\/et_pb_column][\/et_pb_row][\/et_pb_section]<\/p>\n","protected":false},"excerpt":{"rendered":"<p>WILLKOMMEN BEI MUSTERMANN! Lorem ipsum dolor sit amet, consetetur sadipscing elitr, sed diam nonumy eirmod tempor invidunt ut labore et dolore magna aliquyam erat, sed diam voluptua. At vero eos et accusam et justo duo dolores et ea rebum. Stet clita kasd gubergren, no sea takimata sanctus est Lorem ipsum dolor sit amet. Lorem ipsum [&hellip;]<\/p>\n","protected":false},"author":2,"featured_media":0,"parent":0,"menu_order":0,"comment_status":"closed","ping_status":"open","template":"","meta":{"_et_pb_use_builder":"on","_et_pb_old_content":"<p>Dies ist eine Beispiel-Seite. Sie unterscheidet sich von Beitr\u00e4gen, da sie stets an der selben Stelle bleibt und (bei den meisten Themes) in der Navigation angezeigt wird. Die meisten Leute starten mit einem Impressum oder einer \u201e\u00dcber uns\u201c-Seite mit einer Vorstellung f\u00fcr m\u00f6gliche Besucher der Website. Dort k\u00f6nnte zum Beispiel stehen:<\/p><blockquote><p>Hallo! Tags\u00fcber arbeite ich als Fahrradkurier, nachts bin ich ein aufstrebender Schauspieler und dies hier ist meine Website. Ich lebe in Berlin, habe einen gro\u00dfen Hund namens Jack, mag die Fantastischen Vier und ein k\u00fchles Bier.<\/p><\/blockquote><p>...oder sowas wie:<\/p><blockquote><p>Unsere Firma XYZ wurde 1971 gegr\u00fcndet und hat seither eine Menge hochqualitativen ABC f\u00fcr die \u00d6ffentlichkeit produziert. Ans\u00e4ssig in Gotham City, hat XYZ mittlerweile \u00fcber 2,000 Mitarbeiter und entwickelt immer wieder gro\u00dfartige Dinge f\u00fcr die ganze Gotham Gemeinschaft.<\/p><\/blockquote><p>Als neuer WordPress-Nutzer solltest du das <a href=\"http:\/\/bentner-gartenbau.de\/wp17\/wp-admin\/\">Dashboard<\/a> aufrufen, um diese Seite zu l\u00f6schen und statt dessen eine neue Seite mit deinen eigenen Inhalten erstellen. Viel Spa\u00df!<\/p>","_et_gb_content_width":""},"_links":{"self":[{"href":"https:\/\/internet-berater-handwerk.de\/handwerk1\/wp-json\/wp\/v2\/pages\/284"}],"collection":[{"href":"https:\/\/internet-berater-handwerk.de\/handwerk1\/wp-json\/wp\/v2\/pages"}],"about":[{"href":"https:\/\/internet-berater-handwerk.de\/handwerk1\/wp-json\/wp\/v2\/types\/page"}],"author":[{"embeddable":true,"href":"https:\/\/internet-berater-handwerk.de\/handwerk1\/wp-json\/wp\/v2\/users\/2"}],"replies":[{"embeddable":true,"href":"https:\/\/internet-berater-handwerk.de\/handwerk1\/wp-json\/wp\/v2\/comments?post=284"}],"version-history":[{"count":30,"href":"https:\/\/internet-berater-handwerk.de\/handwerk1\/wp-json\/wp\/v2\/pages\/284\/revisions"}],"predecessor-version":[{"id":426,"href":"https:\/\/internet-berater-handwerk.de\/handwerk1\/wp-json\/wp\/v2\/pages\/284\/revisions\/426"}],"wp:attachment":[{"href":"https:\/\/internet-berater-handwerk.de\/handwerk1\/wp-json\/wp\/v2\/media?parent=284"}],"curies":[{"name":"wp","href":"https:\/\/api.w.org\/{rel}","templated":true}]}}